{"id":59,"date":"2025-08-12T12:26:23","date_gmt":"2025-08-12T12:26:23","guid":{"rendered":"https:\/\/www.nafs.com.tr\/homely-about-us\/"},"modified":"2025-08-13T13:30:57","modified_gmt":"2025-08-13T13:30:57","slug":"hakkimizda","status":"publish","type":"page","link":"https:\/\/www.nafs.com.tr\/en\/hakkimizda\/","title":{"rendered":"About Us"},"content":{"rendered":"<div data-elementor-type=\"wp-page\" data-elementor-id=\"59\" class=\"elementor elementor-59\">\n\t\t\t\t\t\t<section class=\"elementor-section elementor-top-section elementor-element elementor-element-5513ce1 elementor-section-stretched elementor-section-full_width elementor-section-height-min-height elementor-section-height-default elementor-section-items-middle\" data-id=\"5513ce1\" data-element_type=\"section\" data-e-type=\"section\" data-settings=\"{&quot;stretch_section&quot;:&quot;section-stretched&quot;,&quot;background_background&quot;:&quot;classic&quot;}\">\n\t\t\t\t\t\t\t<div class=\"elementor-background-overlay\"><\/div>\n\t\t\t\t\t\t\t<div class=\"elementor-container elementor-column-gap-narrow\">\n\t\t\t\t\t<div class=\"elementor-column elementor-col-100 elementor-top-column elementor-element elementor-element-1229e53\" data-id=\"1229e53\" data-element_type=\"column\" data-e-type=\"column\">\n\t\t\t<div class=\"elementor-widget-wrap elementor-element-populated\">\n\t\t\t\t\t\t<div class=\"elementor-element elementor-element-10fbb23 elementor-widget elementor-widget-spacer\" data-id=\"10fbb23\" data-element_type=\"widget\" data-e-type=\"widget\" data-widget_type=\"spacer.default\">\n\t\t\t\t\t\t\t<div class=\"elementor-spacer\">\n\t\t\t<div class=\"elementor-spacer-inner\"><\/div>\n\t\t<\/div>\n\t\t\t\t\t\t<\/div>\n\t\t\t\t<div class=\"elementor-element elementor-element-78404a7 elementor-widget__width-initial elementor-widget-tablet__width-initial elementor-invisible elementor-widget elementor-widget-heading\" data-id=\"78404a7\" data-element_type=\"widget\" data-e-type=\"widget\" data-settings=\"{&quot;_animation&quot;:&quot;slideInUp&quot;,&quot;_animation_delay&quot;:1000}\" data-widget_type=\"heading.default\">\n\t\t\t\t\t<h2 class=\"elementor-heading-title elementor-size-default\">About Us<\/h2>\t\t\t\t<\/div>\n\t\t\t\t<div class=\"elementor-element elementor-element-fe0a872 elementor-widget__width-initial elementor-widget-tablet__width-initial elementor-widget-mobile__width-inherit elementor-invisible elementor-widget elementor-widget-text-editor\" data-id=\"fe0a872\" data-element_type=\"widget\" data-e-type=\"widget\" data-settings=\"{&quot;_animation&quot;:&quot;fadeInUp&quot;,&quot;_animation_delay&quot;:1500}\" data-widget_type=\"text-editor.default\">\n\t\t\t\t\t\t\t\t\t<p>By adding our quality to every fabric and every delivery, we are a companion that walks with confidence.<\/p>\t\t\t\t\t\t\t\t<\/div>\n\t\t\t\t\t<\/div>\n\t\t<\/div>\n\t\t\t\t\t<\/div>\n\t\t<\/section>\n\t\t\t\t<section class=\"elementor-section elementor-top-section elementor-element elementor-element-1b14ded elementor-section-stretched elementor-section-full_width elementor-section-height-default elementor-section-height-default\" data-id=\"1b14ded\" data-element_type=\"section\" data-e-type=\"section\" data-settings=\"{&quot;stretch_section&quot;:&quot;section-stretched&quot;}\">\n\t\t\t\t\t\t<div class=\"elementor-container elementor-column-gap-default\">\n\t\t\t\t\t<div class=\"elementor-column elementor-col-100 elementor-top-column elementor-element elementor-element-4ef76fb\" data-id=\"4ef76fb\" data-element_type=\"column\" data-e-type=\"column\">\n\t\t\t<div class=\"elementor-widget-wrap elementor-element-populated\">\n\t\t\t\t\t\t<section class=\"elementor-section elementor-inner-section elementor-element elementor-element-04eecca elementor-section-content-middle elementor-reverse-mobile elementor-section-boxed elementor-section-height-default elementor-section-height-default\" data-id=\"04eecca\" data-element_type=\"section\" data-e-type=\"section\">\n\t\t\t\t\t\t<div class=\"elementor-container elementor-column-gap-wide\">\n\t\t\t\t\t<div class=\"elementor-column elementor-col-50 elementor-inner-column elementor-element elementor-element-e6ae675\" data-id=\"e6ae675\" data-element_type=\"column\" data-e-type=\"column\">\n\t\t\t<div class=\"elementor-widget-wrap elementor-element-populated\">\n\t\t\t\t\t\t<div class=\"elementor-element elementor-element-80eb58c elementor-invisible elementor-widget elementor-widget-heading\" data-id=\"80eb58c\" data-element_type=\"widget\" data-e-type=\"widget\" data-settings=\"{&quot;_animation&quot;:&quot;fadeInLeft&quot;}\" data-widget_type=\"heading.default\">\n\t\t\t\t\t<h2 class=\"elementor-heading-title elementor-size-default\">ABOUT US<\/h2>\t\t\t\t<\/div>\n\t\t\t\t<div class=\"elementor-element elementor-element-c6f7234 elementor-invisible elementor-widget elementor-widget-heading\" data-id=\"c6f7234\" data-element_type=\"widget\" data-e-type=\"widget\" data-settings=\"{&quot;_animation&quot;:&quot;fadeInLeft&quot;,&quot;_animation_delay&quot;:1000}\" data-widget_type=\"heading.default\">\n\t\t\t\t\t<h2 class=\"elementor-heading-title elementor-size-default\">Who we are<\/h2>\t\t\t\t<\/div>\n\t\t\t\t<div class=\"elementor-element elementor-element-a780ffc elementor-widget-divider--view-line elementor-widget elementor-widget-divider\" data-id=\"a780ffc\" data-element_type=\"widget\" data-e-type=\"widget\" data-widget_type=\"divider.default\">\n\t\t\t\t\t\t\t<div class=\"elementor-divider\">\n\t\t\t<span class=\"elementor-divider-separator\">\n\t\t\t\t\t\t<\/span>\n\t\t<\/div>\n\t\t\t\t\t\t<\/div>\n\t\t\t\t<div class=\"elementor-element elementor-element-cfb8ff5 elementor-invisible elementor-widget elementor-widget-text-editor\" data-id=\"cfb8ff5\" data-element_type=\"widget\" data-e-type=\"widget\" data-settings=\"{&quot;_animation&quot;:&quot;fadeInRight&quot;,&quot;_animation_delay&quot;:1500}\" data-widget_type=\"text-editor.default\">\n\t\t\t\t\t\t\t\t\t<p data-start=\"625\" data-end=\"836\">NAFS is a supplier company that brings together Turkey's strong manual labor and modern production approach in home textile production.<br data-start=\"752\" data-end=\"755\" \/>We prioritize quality in the texture of every fabric and trust in every delivery.<\/p><p>\u00a0<\/p><p data-start=\"838\" data-end=\"1107\">We don't just make our products; we realize the collections that brands dream of.<br data-start=\"939\" data-end=\"942\" \/>We carry out all knitting, cutting, sewing and finishing processes within our own production chain, thus guaranteeing both quality and deadlines.<\/p>\t\t\t\t\t\t\t\t<\/div>\n\t\t\t\t<div class=\"elementor-element elementor-element-f58ef33 elementor-invisible elementor-widget elementor-widget-button\" data-id=\"f58ef33\" data-element_type=\"widget\" data-e-type=\"widget\" data-settings=\"{&quot;_animation&quot;:&quot;fadeInRight&quot;,&quot;_animation_delay&quot;:2000}\" data-widget_type=\"button.default\">\n\t\t\t\t\t\t\t\t\t\t<a class=\"elementor-button elementor-button-link elementor-size-md\" href=\"http:\/\/www.nafs.com.tr\/en\/iletisim\/\">\n\t\t\t\t\t\t<span class=\"elementor-button-content-wrapper\">\n\t\t\t\t\t\t<span class=\"elementor-button-icon\">\n\t\t\t\t<svg aria-hidden=\"true\" class=\"e-font-icon-svg e-fas-envelope-open-text\" viewbox=\"0 0 512 512\" xmlns=\"http:\/\/www.w3.org\/2000\/svg\"><path d=\"M176 216h160c8.84 0 16-7.16 16-16v-16c0-8.84-7.16-16-16-16H176c-8.84 0-16 7.16-16 16v16c0 8.84 7.16 16 16 16zm-16 80c0 8.84 7.16 16 16 16h160c8.84 0 16-7.16 16-16v-16c0-8.84-7.16-16-16-16H176c-8.84 0-16 7.16-16 16v16zm96 121.13c-16.42 0-32.84-5.06-46.86-15.19L0 250.86V464c0 26.51 21.49 48 48 48h416c26.51 0 48-21.49 48-48V250.86L302.86 401.94c-14.02 10.12-30.44 15.19-46.86 15.19zm237.61-254.18c-8.85-6.94-17.24-13.47-29.61-22.81V96c0-26.51-21.49-48-48-48h-77.55c-3.04-2.2-5.87-4.26-9.04-6.56C312.6 29.17 279.2-.35 256 0c-23.2-.35-56.59 29.17-73.41 41.44-3.17 2.3-6 4.36-9.04 6.56H96c-26.51 0-48 21.49-48 48v44.14c-12.37 9.33-20.76 15.87-29.61 22.81A47.995 47.995 0 0 0 0 200.72v10.65l96 69.35V96h320v184.72l96-69.35v-10.65c0-14.74-6.78-28.67-18.39-37.77z\"><\/path><\/svg>\t\t\t<\/span>\n\t\t\t\t\t\t\t\t\t<span class=\"elementor-button-text\">Contact<\/span>\n\t\t\t\t\t<\/span>\n\t\t\t\t\t<\/a>\n\t\t\t\t\t\t\t\t<\/div>\n\t\t\t\t\t<\/div>\n\t\t<\/div>\n\t\t\t\t<div class=\"elementor-column elementor-col-50 elementor-inner-column elementor-element elementor-element-d92fcbc\" data-id=\"d92fcbc\" data-element_type=\"column\" data-e-type=\"column\">\n\t\t\t<div class=\"elementor-widget-wrap elementor-element-populated\">\n\t\t\t\t<div class=\"elementor-element elementor-element-8dfacb3 e-flex e-con-boxed e-con e-parent\" data-id=\"8dfacb3\" data-element_type=\"container\" data-e-type=\"container\">\n\t\t\t\t\t<div class=\"e-con-inner\">\n\t\t\t\t<div class=\"elementor-element elementor-element-0480689 elementor-widget elementor-widget-image\" data-id=\"0480689\" data-element_type=\"widget\" data-e-type=\"widget\" data-widget_type=\"image.default\">\n\t\t\t\t\t\t\t\t\t\t\t\t\t\t\t<img fetchpriority=\"high\" decoding=\"async\" width=\"683\" height=\"1024\" src=\"https:\/\/www.nafs.com.tr\/wp-content\/uploads\/2025\/08\/high-angle-sewing-machine-shuttles-with-thread-reels-zippers-683x1024.jpg\" class=\"attachment-large size-large wp-image-234\" alt=\"\" srcset=\"https:\/\/www.nafs.com.tr\/wp-content\/uploads\/2025\/08\/high-angle-sewing-machine-shuttles-with-thread-reels-zippers-683x1024.jpg 683w, https:\/\/www.nafs.com.tr\/wp-content\/uploads\/2025\/08\/high-angle-sewing-machine-shuttles-with-thread-reels-zippers-200x300.jpg 200w, https:\/\/www.nafs.com.tr\/wp-content\/uploads\/2025\/08\/high-angle-sewing-machine-shuttles-with-thread-reels-zippers-768x1152.jpg 768w, https:\/\/www.nafs.com.tr\/wp-content\/uploads\/2025\/08\/high-angle-sewing-machine-shuttles-with-thread-reels-zippers-1024x1536.jpg 1024w, https:\/\/www.nafs.com.tr\/wp-content\/uploads\/2025\/08\/high-angle-sewing-machine-shuttles-with-thread-reels-zippers-1365x2048.jpg 1365w, https:\/\/www.nafs.com.tr\/wp-content\/uploads\/2025\/08\/high-angle-sewing-machine-shuttles-with-thread-reels-zippers-scaled.jpg 1707w\" sizes=\"(max-width: 683px) 100vw, 683px\" \/>\t\t\t\t\t\t\t\t\t\t\t\t\t\t\t<\/div>\n\t\t\t\t\t<\/div>\n\t\t\t\t<\/div>\n\t\t\t\t\t<\/div>\n\t\t<\/div>\n\t\t\t\t\t<\/div>\n\t\t<\/section>\n\t\t\t\t\t<\/div>\n\t\t<\/div>\n\t\t\t\t\t<\/div>\n\t\t<\/section>\n\t\t\t\t<section class=\"elementor-section elementor-top-section elementor-element elementor-element-f5af792 elementor-section-stretched elementor-section-content-middle elementor-section-boxed elementor-section-height-default elementor-section-height-default\" data-id=\"f5af792\" data-element_type=\"section\" data-e-type=\"section\" data-settings=\"{&quot;stretch_section&quot;:&quot;section-stretched&quot;,&quot;background_background&quot;:&quot;classic&quot;}\">\n\t\t\t\t\t\t<div class=\"elementor-container elementor-column-gap-no\">\n\t\t\t\t\t<div class=\"elementor-column elementor-col-50 elementor-top-column elementor-element elementor-element-96f1105\" data-id=\"96f1105\" data-element_type=\"column\" data-e-type=\"column\">\n\t\t\t<div class=\"elementor-widget-wrap elementor-element-populated\">\n\t\t\t\t\t\t<section class=\"elementor-section elementor-inner-section elementor-element elementor-element-a681158 elementor-section-boxed elementor-section-height-default elementor-section-height-default\" data-id=\"a681158\" data-element_type=\"section\" data-e-type=\"section\">\n\t\t\t\t\t\t<div class=\"elementor-container elementor-column-gap-wider\">\n\t\t\t\t\t<div class=\"elementor-column elementor-col-50 elementor-inner-column elementor-element elementor-element-d4ca23c\" data-id=\"d4ca23c\" data-element_type=\"column\" data-e-type=\"column\">\n\t\t\t<div class=\"elementor-widget-wrap elementor-element-populated\">\n\t\t\t\t\t\t<div class=\"elementor-element elementor-element-c6794ef elementor-widget elementor-widget-image\" data-id=\"c6794ef\" data-element_type=\"widget\" data-e-type=\"widget\" data-widget_type=\"image.default\">\n\t\t\t\t\t\t\t\t\t\t\t\t\t\t\t<img decoding=\"async\" width=\"800\" height=\"534\" src=\"https:\/\/www.nafs.com.tr\/wp-content\/uploads\/2025\/08\/woman-tailor-working-sewing-factory-1024x683.jpg\" class=\"attachment-large size-large wp-image-140\" alt=\"\" srcset=\"https:\/\/www.nafs.com.tr\/wp-content\/uploads\/2025\/08\/woman-tailor-working-sewing-factory-1024x683.jpg 1024w, https:\/\/www.nafs.com.tr\/wp-content\/uploads\/2025\/08\/woman-tailor-working-sewing-factory-300x200.jpg 300w, https:\/\/www.nafs.com.tr\/wp-content\/uploads\/2025\/08\/woman-tailor-working-sewing-factory-768x512.jpg 768w, https:\/\/www.nafs.com.tr\/wp-content\/uploads\/2025\/08\/woman-tailor-working-sewing-factory-1536x1024.jpg 1536w, https:\/\/www.nafs.com.tr\/wp-content\/uploads\/2025\/08\/woman-tailor-working-sewing-factory-2048x1365.jpg 2048w\" sizes=\"(max-width: 800px) 100vw, 800px\" \/>\t\t\t\t\t\t\t\t\t\t\t\t\t\t\t<\/div>\n\t\t\t\t\t<\/div>\n\t\t<\/div>\n\t\t\t\t<div class=\"elementor-column elementor-col-50 elementor-inner-column elementor-element elementor-element-2d87f3e\" data-id=\"2d87f3e\" data-element_type=\"column\" data-e-type=\"column\">\n\t\t\t<div class=\"elementor-widget-wrap elementor-element-populated\">\n\t\t\t\t\t\t<div class=\"elementor-element elementor-element-1b821d5 elementor-widget elementor-widget-image\" data-id=\"1b821d5\" data-element_type=\"widget\" data-e-type=\"widget\" data-widget_type=\"image.default\">\n\t\t\t\t\t\t\t\t\t\t\t\t\t\t\t<img decoding=\"async\" width=\"800\" height=\"536\" src=\"https:\/\/www.nafs.com.tr\/wp-content\/uploads\/2025\/08\/multi-color-fabric-texture-samples-1024x686.jpg\" class=\"attachment-large size-large wp-image-139\" alt=\"\" srcset=\"https:\/\/www.nafs.com.tr\/wp-content\/uploads\/2025\/08\/multi-color-fabric-texture-samples-1024x686.jpg 1024w, https:\/\/www.nafs.com.tr\/wp-content\/uploads\/2025\/08\/multi-color-fabric-texture-samples-300x201.jpg 300w, https:\/\/www.nafs.com.tr\/wp-content\/uploads\/2025\/08\/multi-color-fabric-texture-samples-768x514.jpg 768w, https:\/\/www.nafs.com.tr\/wp-content\/uploads\/2025\/08\/multi-color-fabric-texture-samples-1536x1029.jpg 1536w, https:\/\/www.nafs.com.tr\/wp-content\/uploads\/2025\/08\/multi-color-fabric-texture-samples-2048x1371.jpg 2048w\" sizes=\"(max-width: 800px) 100vw, 800px\" \/>\t\t\t\t\t\t\t\t\t\t\t\t\t\t\t<\/div>\n\t\t\t\t\t<\/div>\n\t\t<\/div>\n\t\t\t\t\t<\/div>\n\t\t<\/section>\n\t\t\t\t<section class=\"elementor-section elementor-inner-section elementor-element elementor-element-6fe21d6 elementor-section-boxed elementor-section-height-default elementor-section-height-default\" data-id=\"6fe21d6\" data-element_type=\"section\" data-e-type=\"section\">\n\t\t\t\t\t\t<div class=\"elementor-container elementor-column-gap-wider\">\n\t\t\t\t\t<div class=\"elementor-column elementor-col-50 elementor-inner-column elementor-element elementor-element-8356634\" data-id=\"8356634\" data-element_type=\"column\" data-e-type=\"column\">\n\t\t\t<div class=\"elementor-widget-wrap elementor-element-populated\">\n\t\t\t\t\t\t<div class=\"elementor-element elementor-element-e5a3f01 elementor-widget elementor-widget-image\" data-id=\"e5a3f01\" data-element_type=\"widget\" data-e-type=\"widget\" data-widget_type=\"image.default\">\n\t\t\t\t\t\t\t\t\t\t\t\t\t\t\t<img loading=\"lazy\" decoding=\"async\" width=\"800\" height=\"534\" src=\"https:\/\/www.nafs.com.tr\/wp-content\/uploads\/2025\/08\/99710.jpg\" class=\"attachment-large size-large wp-image-141\" alt=\"\" srcset=\"https:\/\/www.nafs.com.tr\/wp-content\/uploads\/2025\/08\/99710.jpg 1000w, https:\/\/www.nafs.com.tr\/wp-content\/uploads\/2025\/08\/99710-300x200.jpg 300w, https:\/\/www.nafs.com.tr\/wp-content\/uploads\/2025\/08\/99710-768x512.jpg 768w\" sizes=\"(max-width: 800px) 100vw, 800px\" \/>\t\t\t\t\t\t\t\t\t\t\t\t\t\t\t<\/div>\n\t\t\t\t\t<\/div>\n\t\t<\/div>\n\t\t\t\t<div class=\"elementor-column elementor-col-50 elementor-inner-column elementor-element elementor-element-4ce9485\" data-id=\"4ce9485\" data-element_type=\"column\" data-e-type=\"column\">\n\t\t\t<div class=\"elementor-widget-wrap elementor-element-populated\">\n\t\t\t\t\t\t<div class=\"elementor-element elementor-element-9c58541 elementor-widget elementor-widget-image\" data-id=\"9c58541\" data-element_type=\"widget\" data-e-type=\"widget\" data-widget_type=\"image.default\">\n\t\t\t\t\t\t\t\t\t\t\t\t\t\t\t<img fetchpriority=\"high\" decoding=\"async\" width=\"683\" height=\"1024\" src=\"https:\/\/www.nafs.com.tr\/wp-content\/uploads\/2025\/08\/high-angle-sewing-machine-shuttles-with-thread-reels-zippers-683x1024.jpg\" class=\"attachment-large size-large wp-image-234\" alt=\"\" srcset=\"https:\/\/www.nafs.com.tr\/wp-content\/uploads\/2025\/08\/high-angle-sewing-machine-shuttles-with-thread-reels-zippers-683x1024.jpg 683w, https:\/\/www.nafs.com.tr\/wp-content\/uploads\/2025\/08\/high-angle-sewing-machine-shuttles-with-thread-reels-zippers-200x300.jpg 200w, https:\/\/www.nafs.com.tr\/wp-content\/uploads\/2025\/08\/high-angle-sewing-machine-shuttles-with-thread-reels-zippers-768x1152.jpg 768w, https:\/\/www.nafs.com.tr\/wp-content\/uploads\/2025\/08\/high-angle-sewing-machine-shuttles-with-thread-reels-zippers-1024x1536.jpg 1024w, https:\/\/www.nafs.com.tr\/wp-content\/uploads\/2025\/08\/high-angle-sewing-machine-shuttles-with-thread-reels-zippers-1365x2048.jpg 1365w, https:\/\/www.nafs.com.tr\/wp-content\/uploads\/2025\/08\/high-angle-sewing-machine-shuttles-with-thread-reels-zippers-scaled.jpg 1707w\" sizes=\"(max-width: 683px) 100vw, 683px\" \/>\t\t\t\t\t\t\t\t\t\t\t\t\t\t\t<\/div>\n\t\t\t\t\t<\/div>\n\t\t<\/div>\n\t\t\t\t\t<\/div>\n\t\t<\/section>\n\t\t\t\t\t<\/div>\n\t\t<\/div>\n\t\t\t\t<div class=\"elementor-column elementor-col-50 elementor-top-column elementor-element elementor-element-02c9895\" data-id=\"02c9895\" data-element_type=\"column\" data-e-type=\"column\">\n\t\t\t<div class=\"elementor-widget-wrap elementor-element-populated\">\n\t\t\t\t\t\t<div class=\"elementor-element elementor-element-0ac379c elementor-invisible elementor-widget elementor-widget-heading\" data-id=\"0ac379c\" data-element_type=\"widget\" data-e-type=\"widget\" data-settings=\"{&quot;_animation&quot;:&quot;fadeInLeft&quot;}\" data-widget_type=\"heading.default\">\n\t\t\t\t\t<h2 class=\"elementor-heading-title elementor-size-default\">About Us<\/h2>\t\t\t\t<\/div>\n\t\t\t\t<div class=\"elementor-element elementor-element-791942e elementor-invisible elementor-widget elementor-widget-heading\" data-id=\"791942e\" data-element_type=\"widget\" data-e-type=\"widget\" data-settings=\"{&quot;_animation&quot;:&quot;fadeInLeft&quot;,&quot;_animation_delay&quot;:1000}\" data-widget_type=\"heading.default\">\n\t\t\t\t\t<h2 class=\"elementor-heading-title elementor-size-default\">Our Vision<\/h2>\t\t\t\t<\/div>\n\t\t\t\t<div class=\"elementor-element elementor-element-5f6cb05 elementor-widget-divider--view-line elementor-widget elementor-widget-divider\" data-id=\"5f6cb05\" data-element_type=\"widget\" data-e-type=\"widget\" data-widget_type=\"divider.default\">\n\t\t\t\t\t\t\t<div class=\"elementor-divider\">\n\t\t\t<span class=\"elementor-divider-separator\">\n\t\t\t\t\t\t<\/span>\n\t\t<\/div>\n\t\t\t\t\t\t<\/div>\n\t\t\t\t<div class=\"elementor-element elementor-element-5efc56f elementor-invisible elementor-widget elementor-widget-text-editor\" data-id=\"5efc56f\" data-element_type=\"widget\" data-e-type=\"widget\" data-settings=\"{&quot;_animation&quot;:&quot;fadeInRight&quot;,&quot;_animation_delay&quot;:1500}\" data-widget_type=\"text-editor.default\">\n\t\t\t\t\t\t\t\t\t<p data-start=\"1109\" data-end=\"1367\">We deliver hundreds of models we produce in Turkey to many parts of Europe. Contributing to the growth of the brands we work with in each new project is not only a job for us, but also a source of common pride. We are a team that aims to establish long-term collaborations and reinforce the sense of trust in every delivery. Because we know that real success is achieved together.<\/p>\t\t\t\t\t\t\t\t<\/div>\n\t\t\t\t\t<\/div>\n\t\t<\/div>\n\t\t\t\t\t<\/div>\n\t\t<\/section>\n\t\t\t\t<\/div>","protected":false},"excerpt":{"rendered":"<p>Hakk\u0131m\u0131zda Her kuma\u015fa ve her teslimata kalitemizi katarak, g\u00fcvenle y\u00fcr\u00fcyen bir yol arkada\u015f\u0131y\u0131z. HAKKIMIZDA Biz kimiz NAFS, ev tekstili \u00fcretiminde T\u00fcrkiye\u2019nin g\u00fc\u00e7l\u00fc el eme\u011fini ve modern \u00fcretim anlay\u0131\u015f\u0131n\u0131 bir araya getiren bir tedarik\u00e7i firmad\u0131r.Biz, her kuma\u015f\u0131n dokusunda kaliteyi, her teslimatta g\u00fcveni \u00f6ncelikli g\u00f6r\u00fcyoruz. \u00a0 \u00dcr\u00fcnlerimizi yaln\u0131zca yapmakla kalm\u0131yoruz; markalar\u0131n hayal etti\u011fi koleksiyonlar\u0131 hayata ge\u00e7iriyoruz.\u00d6rme, kesim, [&hellip;]<\/p>","protected":false},"author":1,"featured_media":0,"parent":0,"menu_order":0,"comment_status":"closed","ping_status":"closed","template":"elementor_header_footer","meta":{"_eb_attr":"","_uag_custom_page_level_css":"","footnotes":""},"class_list":["post-59","page","type-page","status-publish","hentry"],"uagb_featured_image_src":{"full":false,"thumbnail":false,"medium":false,"medium_large":false,"large":false,"1536x1536":false,"2048x2048":false,"trp-custom-language-flag":false,"htmega_size_585x295":false,"htmega_size_1170x536":false,"htmega_size_396x360":false,"_nx_notification_thumb_100_100":false,"_nx_notification_thumb_200_200":false,"_nx_notification_thumb_300_300":false,"_nx_notification_thumb_400_400":false,"_nx_notification_thumb_500_500":false},"uagb_author_info":{"display_name":"admin","author_link":"https:\/\/www.nafs.com.tr\/en\/author\/admin\/"},"uagb_comment_info":0,"uagb_excerpt":"Hakk\u0131m\u0131zda Her kuma\u015fa ve her teslimata kalitemizi katarak, g\u00fcvenle y\u00fcr\u00fcyen bir yol arkada\u015f\u0131y\u0131z. HAKKIMIZDA Biz kimiz NAFS, ev tekstili \u00fcretiminde T\u00fcrkiye\u2019nin g\u00fc\u00e7l\u00fc el eme\u011fini ve modern \u00fcretim anlay\u0131\u015f\u0131n\u0131 bir araya getiren bir tedarik\u00e7i firmad\u0131r.Biz, her kuma\u015f\u0131n dokusunda kaliteyi, her teslimatta g\u00fcveni \u00f6ncelikli g\u00f6r\u00fcyoruz. \u00a0 \u00dcr\u00fcnlerimizi yaln\u0131zca yapmakla kalm\u0131yoruz; markalar\u0131n hayal etti\u011fi koleksiyonlar\u0131 hayata ge\u00e7iriyoruz.\u00d6rme, kesim,&hellip;","_links":{"self":[{"href":"https:\/\/www.nafs.com.tr\/en\/wp-json\/wp\/v2\/pages\/59","targetHints":{"allow":["GET"]}}],"collection":[{"href":"https:\/\/www.nafs.com.tr\/en\/wp-json\/wp\/v2\/pages"}],"about":[{"href":"https:\/\/www.nafs.com.tr\/en\/wp-json\/wp\/v2\/types\/page"}],"author":[{"embeddable":true,"href":"https:\/\/www.nafs.com.tr\/en\/wp-json\/wp\/v2\/users\/1"}],"replies":[{"embeddable":true,"href":"https:\/\/www.nafs.com.tr\/en\/wp-json\/wp\/v2\/comments?post=59"}],"version-history":[{"count":0,"href":"https:\/\/www.nafs.com.tr\/en\/wp-json\/wp\/v2\/pages\/59\/revisions"}],"wp:attachment":[{"href":"https:\/\/www.nafs.com.tr\/en\/wp-json\/wp\/v2\/media?parent=59"}],"curies":[{"name":"wp","href":"https:\/\/api.w.org\/{rel}","templated":true}]}}